{"id":2437,"date":"2024-05-06T10:15:22","date_gmt":"2024-05-06T10:15:22","guid":{"rendered":"https:\/\/pascualena.com\/inicio-2\/"},"modified":"2025-11-25T09:52:25","modified_gmt":"2025-11-25T09:52:25","slug":"carpinteria","status":"publish","type":"page","link":"https:\/\/pascualena.com\/eng\/carpinteria\/","title":{"rendered":"Carpentry"},"content":{"rendered":"<div id=\"fws_69d1d18555ef2\"  data-column-margin=\"custom\" data-midnight=\"dark\"  class=\"wpb_row vc_row-fluid vc_row full-width-content vc_row-o-equal-height vc_row-flex  column-margin-76px\"  style=\"padding-top: 0px; padding-bottom: 0px; \"><div class=\"row-bg-wrap\" data-bg-animation=\"none\" data-bg-animation-delay=\"\" data-bg-overlay=\"false\"><div class=\"inner-wrap row-bg-layer\" ><div class=\"row-bg viewport-desktop\"  style=\"\"><\/div><\/div><\/div><div class=\"row_col_wrap_12 col span_12 dark left\">\n\t<div style=\"\" class=\"vc_col-sm-12 wpb_column column_container vc_column_container col no-extra-padding inherit_tablet inherit_phone\" data-using-bg=\"true\" data-padding-pos=\"all\" data-has-bg-color=\"true\" data-bg-color=\"#ffffff\" data-bg-opacity=\"1\" data-animation=\"\" data-delay=\"0\" >\n\t\t<div class=\"vc_column-inner\" ><div class=\"column-bg-overlay-wrap column-bg-layer\" data-bg-animation=\"none\"><div class=\"column-bg-overlay\" style=\"opacity: 1; background-color: #ffffff;\"><\/div><\/div>\n\t\t\t<div class=\"wpb_wrapper\">\n\t\t\t\t\n\t\t\t<!-- START Tech Slider1 REVOLUTION SLIDER 6.6.20 --><p class=\"rs-p-wp-fix\"><\/p>\n\t\t\t<rs-module-wrap id=\"rev_slider_2_1_wrapper\" data-source=\"gallery\" style=\"visibility:hidden;background:transparent;padding:0;margin:0px auto;margin-top:0;margin-bottom:0;\">\n\t\t\t\t<rs-module id=\"rev_slider_2_1\" style=\"\" data-version=\"6.6.20\">\n\t\t\t\t\t<rs-slides style=\"overflow: hidden; position: absolute;\">\n\t\t\t\t\t\t<rs-slide style=\"position: absolute;\" data-key=\"rs-8\" data-title=\"Slide\" data-duration=\"9000\" data-anim=\"ms:500ms;\" data-in=\"o:0;\" data-out=\"a:false;\">\n\t\t\t\t\t\t\t<img decoding=\"async\" src=\"\/\/pascualena.com\/wp-content\/plugins\/revslider\/public\/assets\/assets\/dummy.png\" alt=\"\" title=\"SALONES1\" width=\"1900\" height=\"1195\" class=\"rev-slidebg tp-rs-img rs-lazyload\" data-lazyload=\"\/\/pascualena.com\/wp-content\/uploads\/2024\/05\/SALONES1-1.jpg\" data-parallax=\"off\" data-no-retina>\n<!--\n\t\t\t\t\t\t\t--><rs-layer\n\t\t\t\t\t\t\t\tid=\"slider-2-slide-8-layer-0\" \n\t\t\t\t\t\t\t\tclass=\"rs-pxl-13\"\n\t\t\t\t\t\t\t\tdata-type=\"image\"\n\t\t\t\t\t\t\t\tdata-rsp_ch=\"on\"\n\t\t\t\t\t\t\t\tdata-xy=\"x:r,r,r,c;xo:181px,180px,116px,80px;y:m;yo:237px,210px,178px,220px;\"\n\t\t\t\t\t\t\t\tdata-text=\"s:20,16,12,7;l:0,20,15,9;\"\n\t\t\t\t\t\t\t\tdata-dim=\"w:500px,412px,313px,193px;h:420px,346px,262px,161px;\"\n\t\t\t\t\t\t\t\tdata-frame_0=\"y:top;o:1;\"\n\t\t\t\t\t\t\t\tdata-frame_1=\"e:power4.out;st:1000;sp:2000;sR:1000;\"\n\t\t\t\t\t\t\t\tdata-frame_999=\"x:100px,82px,62px,38px;o:0;st:w;sp:500;sR:6000;\"\n\t\t\t\t\t\t\t\tstyle=\"z-index:6;\"\n\t\t\t\t\t\t\t><img decoding=\"async\" src=\"\/\/pascualena.com\/wp-content\/plugins\/revslider\/public\/assets\/assets\/dummy.png\" alt=\"\" class=\"tp-rs-img rs-lazyload\" data-lazyload=\"\" data-no-retina> \n\t\t\t\t\t\t\t<\/rs-layer><!--\n\n\t\t\t\t\t\t\t--><rs-layer\n\t\t\t\t\t\t\t\tid=\"slider-2-slide-8-layer-2\" \n\t\t\t\t\t\t\t\tdata-type=\"text\"\n\t\t\t\t\t\t\t\tdata-color=\"#eeb45e\"\n\t\t\t\t\t\t\t\tdata-xy=\"xo:38px,38px,38px,-1px;yo:61px,61px,61px,37px;\"\n\t\t\t\t\t\t\t\tdata-text=\"w:normal;s:80,80,50,50;l:100,80,50,50;fw:500;a:left,left,left,center;\"\n\t\t\t\t\t\t\t\tdata-dim=\"w:655px,400px,260px,100%;\"\n\t\t\t\t\t\t\t\tdata-rsp_o=\"off\"\n\t\t\t\t\t\t\t\tdata-rsp_bd=\"off\"\n\t\t\t\t\t\t\t\tdata-ford=\"frame_0;frame_1;frame_2;frame_999;\"\n\t\t\t\t\t\t\t\tdata-frame_0=\"y:60px;\"\n\t\t\t\t\t\t\t\tdata-frame_1=\"y:40px;o:0.5;e:power2.in;st:1100;sp:750;sR:1100;\"\n\t\t\t\t\t\t\t\tdata-frame_999=\"st:w;sp:500;sR:5890;auto:true;\"\n\t\t\t\t\t\t\t\tdata-frame_2=\"y:0px;o:1;tp:600px;e:power2.out;st:1860;sp:1250;sR:10;\"\n\t\t\t\t\t\t\t\tstyle=\"z-index:11;font-family:'Poppins';\"\n\t\t\t\t\t\t\t>Carpentry in<br\/>\ngeneral \n\t\t\t\t\t\t\t<\/rs-layer><!--\n\n\t\t\t\t\t\t\t--><rs-layer\n\t\t\t\t\t\t\t\tid=\"slider-2-slide-8-layer-4\" \n\t\t\t\t\t\t\t\tdata-type=\"text\"\n\t\t\t\t\t\t\t\tdata-xy=\"xo:723px,723px,723px,31px;yo:78px,78px,78px,179px;\"\n\t\t\t\t\t\t\t\tdata-text=\"w:normal;s:50,80,50,30;l:60,80,50,50;fw:500;a:left,left,left,center;\"\n\t\t\t\t\t\t\t\tdata-dim=\"w:500px,400px,260px,422px;\"\n\t\t\t\t\t\t\t\tdata-rsp_o=\"off\"\n\t\t\t\t\t\t\t\tdata-rsp_bd=\"off\"\n\t\t\t\t\t\t\t\tdata-ford=\"frame_0;frame_1;frame_2;frame_999;\"\n\t\t\t\t\t\t\t\tdata-frame_0=\"y:60px;\"\n\t\t\t\t\t\t\t\tdata-frame_1=\"y:40px;o:0.5;e:power2.in;st:1100;sp:750;sR:1100;\"\n\t\t\t\t\t\t\t\tdata-frame_999=\"st:w;sp:500;sR:5900;auto:true;\"\n\t\t\t\t\t\t\t\tdata-frame_2=\"y:0px;o:1;tp:600px;e:power2.out;st:1850;sp:1250;\"\n\t\t\t\t\t\t\t\tstyle=\"z-index:11;font-family:'Poppins';\"\n\t\t\t\t\t\t\t>Floors<br\/>\nDoors and windows<br\/>\nDecor<br\/>\nCustom furniture<br\/>\nRenovation of commercial premises<br\/>\nBathroom and kitchen furniture<br\/>\nBuilt-in wardrobes<br\/> \n\t\t\t\t\t\t\t<\/rs-layer><!--\n-->\t\t\t\t\t\t<\/rs-slide>\n\t\t\t\t\t<\/rs-slides>\n\t\t\t\t<\/rs-module>\n\t\t\t\t<script>\n\t\t\t\t\tsetREVStartSize({c: 'rev_slider_2_1',rl:[1240,1024,778,480],el:[800,700,600,650],gw:[1240,1024,778,480],gh:[800,700,600,650],type:'standard',justify:'',layout:'fullwidth',mh:\"0\"});if (window.RS_MODULES!==undefined && window.RS_MODULES.modules!==undefined && window.RS_MODULES.modules[\"revslider21\"]!==undefined) {window.RS_MODULES.modules[\"revslider21\"].once = false;window.revapi2 = undefined;if (window.RS_MODULES.checkMinimal!==undefined) window.RS_MODULES.checkMinimal()}\n\t\t\t\t<\/script>\n\t\t\t<\/rs-module-wrap>\n\t\t\t<!-- END REVOLUTION SLIDER -->\n<div class=\"divider-wrap\" data-alignment=\"default\"><div style=\"height: 150px;\" class=\"divider\"><\/div><\/div>\n\t\t\t<\/div> \n\t\t<\/div>\n\t<\/div> \n<\/div><\/div>","protected":false},"excerpt":{"rendered":"Carpinter\u00eda en general Suelos Puertas y ventanas Decoraci\u00f3n Muebles a medida Reforma locales comerciales Muebles ba\u00f1o y cocina Armarios empotrados","protected":false},"author":1,"featured_media":0,"parent":0,"menu_order":0,"comment_status":"open","ping_status":"closed","template":"","meta":{"footnotes":""},"class_list":["post-2437","page","type-page","status-publish"],"_links":{"self":[{"href":"https:\/\/pascualena.com\/eng\/wp-json\/wp\/v2\/pages\/2437","targetHints":{"allow":["GET"]}}],"collection":[{"href":"https:\/\/pascualena.com\/eng\/wp-json\/wp\/v2\/pages"}],"about":[{"href":"https:\/\/pascualena.com\/eng\/wp-json\/wp\/v2\/types\/page"}],"author":[{"embeddable":true,"href":"https:\/\/pascualena.com\/eng\/wp-json\/wp\/v2\/users\/1"}],"replies":[{"embeddable":true,"href":"https:\/\/pascualena.com\/eng\/wp-json\/wp\/v2\/comments?post=2437"}],"version-history":[{"count":5,"href":"https:\/\/pascualena.com\/eng\/wp-json\/wp\/v2\/pages\/2437\/revisions"}],"predecessor-version":[{"id":2507,"href":"https:\/\/pascualena.com\/eng\/wp-json\/wp\/v2\/pages\/2437\/revisions\/2507"}],"wp:attachment":[{"href":"https:\/\/pascualena.com\/eng\/wp-json\/wp\/v2\/media?parent=2437"}],"curies":[{"name":"wp","href":"https:\/\/api.w.org\/{rel}","templated":true}]}}